{"id":115,"date":"2013-05-10T08:45:47","date_gmt":"2013-05-10T05:45:47","guid":{"rendered":"http:\/\/www.vergihaber.net\/?page_id=21"},"modified":"2014-07-22T14:27:14","modified_gmt":"2014-07-22T11:27:14","slug":"hakkimizda","status":"publish","type":"page","link":"http:\/\/www.ahmetozen.com.tr\/?page_id=115","title":{"rendered":"Hakk\u0131m\u0131zda"},"content":{"rendered":"<p>Serbest Muhasebeci ve Mali M\u00fc\u015favir Ahmet \u00d6ZEN y\u00f6netiminde yeti\u015fmi\u015f kadrosu ile 1985&#8242; den beri Bilimsel ve Teknoloji kullanarak Genel Kabul G\u00f6rm\u00fc\u015f Muhasebe \u0130lkeleri ile ilgili mevzuat h\u00fck\u00fcmlerince m\u00fckelleflerine muhasebe sistemleri kurmak, onlara en iyi \u015fekilde hizmet etmek, gelecekte m\u00fc\u015fterilerimizin yeni konseptlerle daha rahat \u00e7al\u0131\u015fabilmeleri i\u00e7in b\u00fct\u00fcn dallarda ara\u015ft\u0131rma ve projelerle destekleyip kat\u0131lmaktay\u0131z. Siz de\u011ferli m\u00fc\u015fterilerimize tecr\u00fcbemizle t\u00fcm vaktimizi sizlere ay\u0131rmay\u0131 umut ediyoruz.<\/p>\n","protected":false},"excerpt":{"rendered":"<p>Serbest Muhasebeci ve Mali M\u00fc\u015favir Ahmet \u00d6ZEN y\u00f6netiminde yeti\u015fmi\u015f kadrosu ile 1985&#8242; den beri Bilimsel ve Teknoloji kullanarak Genel Kabul G\u00f6rm\u00fc\u015f Muhasebe \u0130lkeleri ile ilgili mevzuat h\u00fck\u00fcmlerince m\u00fckelleflerine muhasebe sistemleri kurmak, onlara en iyi \u015fekilde hizmet etmek, gelecekte m\u00fc\u015fterilerimizin yeni konseptlerle daha rahat \u00e7al\u0131\u015fabilmeleri i\u00e7in b\u00fct\u00fcn dallarda ara\u015ft\u0131rma ve projelerle destekleyip kat\u0131lmaktay\u0131z. Siz de\u011ferli m\u00fc\u015fterilerimize [&hellip;]<\/p>\n","protected":false},"author":1,"featured_media":0,"parent":0,"menu_order":0,"comment_status":"closed","ping_status":"open","template":"","meta":{"footnotes":""},"class_list":["post-115","page","type-page","status-publish","hentry"],"_links":{"self":[{"href":"http:\/\/www.ahmetozen.com.tr\/index.php?rest_route=\/wp\/v2\/pages\/115","targetHints":{"allow":["GET"]}}],"collection":[{"href":"http:\/\/www.ahmetozen.com.tr\/index.php?rest_route=\/wp\/v2\/pages"}],"about":[{"href":"http:\/\/www.ahmetozen.com.tr\/index.php?rest_route=\/wp\/v2\/types\/page"}],"author":[{"embeddable":true,"href":"http:\/\/www.ahmetozen.com.tr\/index.php?rest_route=\/wp\/v2\/users\/1"}],"replies":[{"embeddable":true,"href":"http:\/\/www.ahmetozen.com.tr\/index.php?rest_route=%2Fwp%2Fv2%2Fcomments&post=115"}],"version-history":[{"count":2,"href":"http:\/\/www.ahmetozen.com.tr\/index.php?rest_route=\/wp\/v2\/pages\/115\/revisions"}],"predecessor-version":[{"id":307,"href":"http:\/\/www.ahmetozen.com.tr\/index.php?rest_route=\/wp\/v2\/pages\/115\/revisions\/307"}],"wp:attachment":[{"href":"http:\/\/www.ahmetozen.com.tr\/index.php?rest_route=%2Fwp%2Fv2%2Fmedia&parent=115"}],"curies":[{"name":"wp","href":"https:\/\/api.w.org\/{rel}","templated":true}]}}