{"id":117,"date":"2011-03-14T08:46:17","date_gmt":"2011-03-14T08:46:17","guid":{"rendered":"http:\/\/www.vergihaber.net\/?page_id=25"},"modified":"2018-07-30T17:28:33","modified_gmt":"2018-07-30T14:28:33","slug":"iletisim","status":"publish","type":"page","link":"http:\/\/www.ahmetozen.com.tr\/?page_id=117","title":{"rendered":"\u0130leti\u015fim"},"content":{"rendered":"<p align=\"center\"><b>SMMM AHMET \u00d6ZEN<br \/>\n<\/b><\/p>\n<p>\u00a0<strong>Adresimiz :\u00a0<\/strong>\u00a0\u00dcniversite Mah. Civan Sokak Allure Tower No:1\/25 Avc\u0131lar &#8211; \u0130STANBUL<\/p>\n<p><strong>Telefon:\u00a0<\/strong>0212 532 78 32<\/p>\n<p><strong>\u00a0Email:<\/strong> info@ahmetozen.com.tr<\/p>\n<p>&#8212;&#8212;&#8212;&#8212;&#8212;&#8212;&#8212;&#8212;&#8212;&#8212;&#8212;&#8212;&#8212;&#8212;&#8212;&#8212;&#8212;&#8212;&#8212;&#8212;&#8212;&#8212;&#8212;&#8212;&#8212;&#8212;&#8212;&#8212;&#8212;&#8212;&#8212;&#8212;&#8212;&#8212;&#8212;&#8212;&#8212;&#8212;&#8212;&#8212;&#8212;&#8212;&#8212;&#8211;<\/p>\n<p><strong>\u0130LET\u0130\u015e\u0130M FORMU<\/strong><\/p>\n<p>[contact-form-7 id=&#8221;139&#8243; title=&#8221;\u0130leti\u015fim formu 1&#8243;]<\/p>\n","protected":false},"excerpt":{"rendered":"<p>SMMM AHMET \u00d6ZEN \u00a0Adresimiz :\u00a0\u00a0\u00dcniversite Mah. Civan Sokak Allure Tower No:1\/25 Avc\u0131lar &#8211; \u0130STANBUL Telefon:\u00a00212 532 78 32 \u00a0Email: info@ahmetozen.com.tr &#8212;&#8212;&#8212;&#8212;&#8212;&#8212;&#8212;&#8212;&#8212;&#8212;&#8212;&#8212;&#8212;&#8212;&#8212;&#8212;&#8212;&#8212;&#8212;&#8212;&#8212;&#8212;&#8212;&#8212;&#8212;&#8212;&#8212;&#8212;&#8212;&#8212;&#8212;&#8212;&#8212;&#8212;&#8212;&#8212;&#8212;&#8212;&#8212;&#8212;&#8212;&#8212;&#8212;&#8211; \u0130LET\u0130\u015e\u0130M FORMU [contact-form-7 id=&#8221;139&#8243; title=&#8221;\u0130leti\u015fim formu 1&#8243;]<\/p>\n","protected":false},"author":1,"featured_media":0,"parent":0,"menu_order":0,"comment_status":"open","ping_status":"open","template":"","meta":{"footnotes":""},"class_list":["post-117","page","type-page","status-publish","hentry"],"_links":{"self":[{"href":"http:\/\/www.ahmetozen.com.tr\/index.php?rest_route=\/wp\/v2\/pages\/117","targetHints":{"allow":["GET"]}}],"collection":[{"href":"http:\/\/www.ahmetozen.com.tr\/index.php?rest_route=\/wp\/v2\/pages"}],"about":[{"href":"http:\/\/www.ahmetozen.com.tr\/index.php?rest_route=\/wp\/v2\/types\/page"}],"author":[{"embeddable":true,"href":"http:\/\/www.ahmetozen.com.tr\/index.php?rest_route=\/wp\/v2\/users\/1"}],"replies":[{"embeddable":true,"href":"http:\/\/www.ahmetozen.com.tr\/index.php?rest_route=%2Fwp%2Fv2%2Fcomments&post=117"}],"version-history":[{"count":4,"href":"http:\/\/www.ahmetozen.com.tr\/index.php?rest_route=\/wp\/v2\/pages\/117\/revisions"}],"predecessor-version":[{"id":2637,"href":"http:\/\/www.ahmetozen.com.tr\/index.php?rest_route=\/wp\/v2\/pages\/117\/revisions\/2637"}],"wp:attachment":[{"href":"http:\/\/www.ahmetozen.com.tr\/index.php?rest_route=%2Fwp%2Fv2%2Fmedia&parent=117"}],"curies":[{"name":"wp","href":"https:\/\/api.w.org\/{rel}","templated":true}]}}